{"id":105,"date":"2022-05-09T11:27:04","date_gmt":"2022-05-09T11:27:04","guid":{"rendered":"https:\/\/www.clusteraudiovisualgalego.com\/inscripciones\/?page_id=105"},"modified":"2025-07-21T06:17:58","modified_gmt":"2025-07-21T06:17:58","slug":"inscribete","status":"publish","type":"page","link":"https:\/\/www.clusteraudiovisualgalego.com\/inscripciones\/","title":{"rendered":"Ininio"},"content":{"rendered":"\t\t<div data-elementor-type=\"wp-page\" data-elementor-id=\"105\" class=\"elementor elementor-105\" data-elementor-post-type=\"page\">\n\t\t\t\t\t\t<section class=\"elementor-section elementor-top-section elementor-element elementor-element-c4822eb elementor-section-boxed elementor-section-height-default elementor-section-height-default\" data-id=\"c4822eb\" data-element_type=\"section\">\n\t\t\t\t\t\t<div class=\"elementor-container elementor-column-gap-default\">\n\t\t\t\t\t<div class=\"elementor-column elementor-col-100 elementor-top-column elementor-element elementor-element-72c3673\" data-id=\"72c3673\" data-element_type=\"column\">\n\t\t\t<div class=\"elementor-widget-wrap elementor-element-populated\">\n\t\t\t\t\t\t<div class=\"elementor-element elementor-element-2cc71ee elementor-widget elementor-widget-heading\" data-id=\"2cc71ee\" data-element_type=\"widget\" data-widget_type=\"heading.default\">\n\t\t\t\t<div class=\"elementor-widget-container\">\n\t\t\t\t\t<h1 class=\"elementor-heading-title elementor-size-default\">\u00a1Inscr\u00edbete!<\/h1>\t\t\t\t<\/div>\n\t\t\t\t<\/div>\n\t\t\t\t<div class=\"elementor-element elementor-element-1cb0b2c elementor-widget elementor-widget-spacer\" data-id=\"1cb0b2c\" data-element_type=\"widget\" data-widget_type=\"spacer.default\">\n\t\t\t\t<div class=\"elementor-widget-container\">\n\t\t\t\t\t\t\t<div class=\"elementor-spacer\">\n\t\t\t<div class=\"elementor-spacer-inner\"><\/div>\n\t\t<\/div>\n\t\t\t\t\t\t<\/div>\n\t\t\t\t<\/div>\n\t\t\t\t\t<\/div>\n\t\t<\/div>\n\t\t\t\t\t<\/div>\n\t\t<\/section>\n\t\t\t\t<section class=\"elementor-section elementor-top-section elementor-element elementor-element-7f34b41 elementor-section-content-middle elementor-section-boxed elementor-section-height-default elementor-section-height-default\" data-id=\"7f34b41\" data-element_type=\"section\">\n\t\t\t\t\t\t<div class=\"elementor-container elementor-column-gap-default\">\n\t\t\t\t\t<div class=\"elementor-column elementor-col-100 elementor-top-column elementor-element elementor-element-0977b92\" data-id=\"0977b92\" data-element_type=\"column\">\n\t\t\t<div class=\"elementor-widget-wrap elementor-element-populated\">\n\t\t\t\t\t\t<div class=\"elementor-element elementor-element-f197496 elementor-widget elementor-widget-heading\" data-id=\"f197496\" data-element_type=\"widget\" data-widget_type=\"heading.default\">\n\t\t\t\t<div class=\"elementor-widget-container\">\n\t\t\t\t\t<h2 class=\"elementor-heading-title elementor-size-default\">INSCR\u00cdBETE AQU\u00cd EN LA\n<br>19\u00aa EDICI\u00d3N DEL PITCHING I+P, IDEAS PARA PRODUCIR<\/h2>\t\t\t\t<\/div>\n\t\t\t\t<\/div>\n\t\t\t\t<div class=\"elementor-element elementor-element-2aa7cdf elementor-align-center elementor-widget elementor-widget-button\" data-id=\"2aa7cdf\" data-element_type=\"widget\" data-widget_type=\"button.default\">\n\t\t\t\t<div class=\"elementor-widget-container\">\n\t\t\t\t\t\t\t\t\t<div class=\"elementor-button-wrapper\">\n\t\t\t\t\t<a class=\"elementor-button elementor-button-link elementor-size-sm\" href=\"https:\/\/www.clusteraudiovisualgalego.com\/inscripciones\/formulario-pitching\/\">\n\t\t\t\t\t\t<span class=\"elementor-button-content-wrapper\">\n\t\t\t\t\t\t\t\t\t<span class=\"elementor-button-text\">INSCR\u00cdBETE<\/span>\n\t\t\t\t\t<\/span>\n\t\t\t\t\t<\/a>\n\t\t\t\t<\/div>\n\t\t\t\t\t\t\t\t<\/div>\n\t\t\t\t<\/div>\n\t\t\t\t\t<\/div>\n\t\t<\/div>\n\t\t\t\t\t<\/div>\n\t\t<\/section>\n\t\t\t\t<section class=\"elementor-section elementor-top-section elementor-element elementor-element-17b2e5e elementor-section-boxed elementor-section-height-default elementor-section-height-default\" data-id=\"17b2e5e\" data-element_type=\"section\">\n\t\t\t\t\t\t<div class=\"elementor-container elementor-column-gap-default\">\n\t\t\t\t\t<div class=\"elementor-column elementor-col-33 elementor-top-column elementor-element elementor-element-18d879d\" data-id=\"18d879d\" data-element_type=\"column\">\n\t\t\t<div class=\"elementor-widget-wrap\">\n\t\t\t\t\t\t\t<\/div>\n\t\t<\/div>\n\t\t\t\t<div class=\"elementor-column elementor-col-33 elementor-top-column elementor-element elementor-element-4d3cf28\" data-id=\"4d3cf28\" data-element_type=\"column\">\n\t\t\t<div class=\"elementor-widget-wrap elementor-element-populated\">\n\t\t\t\t\t\t<div class=\"elementor-element elementor-element-afe577c elementor-widget elementor-widget-spacer\" data-id=\"afe577c\" data-element_type=\"widget\" data-widget_type=\"spacer.default\">\n\t\t\t\t<div class=\"elementor-widget-container\">\n\t\t\t\t\t\t\t<div class=\"elementor-spacer\">\n\t\t\t<div class=\"elementor-spacer-inner\"><\/div>\n\t\t<\/div>\n\t\t\t\t\t\t<\/div>\n\t\t\t\t<\/div>\n\t\t\t\t<div class=\"elementor-element elementor-element-3c396f8 elementor-widget elementor-widget-text-editor\" data-id=\"3c396f8\" data-element_type=\"widget\" data-widget_type=\"text-editor.default\">\n\t\t\t\t<div class=\"elementor-widget-container\">\n\t\t\t\t\t\t\t\t\t<p><strong>\u00a1Recuerda!<\/strong><br \/>Plazo l\u00edmite para inscribir proyectos para I+P, IDEAS PARA PRODUCIR: el 30 de SEPTIEMBRE de<br \/>2025 a las 14:00 horas.<br \/>Si tienes cualquier duda sobre este formulario escribe un mail a <a href=\"mailto:comunicacion@clag.es\">comunicacion@clag.es<\/a> y te<br \/>responderemos lo antes posible.<br \/>\u00a1Muchas gracias!<\/p>\t\t\t\t\t\t\t\t<\/div>\n\t\t\t\t<\/div>\n\t\t\t\t<div class=\"elementor-element elementor-element-e9d3c2b elementor-widget elementor-widget-spacer\" data-id=\"e9d3c2b\" data-element_type=\"widget\" data-widget_type=\"spacer.default\">\n\t\t\t\t<div class=\"elementor-widget-container\">\n\t\t\t\t\t\t\t<div class=\"elementor-spacer\">\n\t\t\t<div class=\"elementor-spacer-inner\"><\/div>\n\t\t<\/div>\n\t\t\t\t\t\t<\/div>\n\t\t\t\t<\/div>\n\t\t\t\t\t<\/div>\n\t\t<\/div>\n\t\t\t\t<div class=\"elementor-column elementor-col-33 elementor-top-column elementor-element elementor-element-2f7b50f\" data-id=\"2f7b50f\" data-element_type=\"column\">\n\t\t\t<div class=\"elementor-widget-wrap\">\n\t\t\t\t\t\t\t<\/div>\n\t\t<\/div>\n\t\t\t\t\t<\/div>\n\t\t<\/section>\n\t\t\t\t<\/div>\n\t\t","protected":false},"excerpt":{"rendered":"<p>\u00a1Inscr\u00edbete! INSCR\u00cdBETE AQU\u00cd EN LA 19\u00aa EDICI\u00d3N DEL PITCHING I+P, IDEAS PARA PRODUCIR INSCR\u00cdBETE \u00a1Recuerda!Plazo l\u00edmite para inscribir proyectos para I+P, IDEAS PARA PRODUCIR: el 30 de SEPTIEMBRE de2025 a las 14:00 horas.Si tienes cualquier duda sobre este formulario escribe un mail a comunicacion@clag.es y teresponderemos lo antes posible.\u00a1Muchas gracias!<\/p>\n","protected":false},"author":1,"featured_media":0,"parent":0,"menu_order":0,"comment_status":"closed","ping_status":"closed","template":"","meta":{"footnotes":""},"class_list":["post-105","page","type-page","status-publish","hentry"],"yoast_head":"<!-- This site is optimized with the Yoast SEO plugin v25.5 - https:\/\/yoast.com\/wordpress\/plugins\/seo\/ -->\n<title>Ininio - clusteraudiovisualgalego.com<\/title>\n<meta name=\"robots\" content=\"index, follow, max-snippet:-1, max-image-preview:large, max-video-preview:-1\" \/>\n<link rel=\"canonical\" href=\"https:\/\/www.clusteraudiovisualgalego.com\/inscripciones\/\" \/>\n<meta property=\"og:locale\" content=\"es_ES\" \/>\n<meta property=\"og:type\" content=\"article\" \/>\n<meta property=\"og:title\" content=\"Ininio - clusteraudiovisualgalego.com\" \/>\n<meta property=\"og:description\" content=\"\u00a1Inscr\u00edbete! INSCR\u00cdBETE AQU\u00cd EN LA 19\u00aa EDICI\u00d3N DEL PITCHING I+P, IDEAS PARA PRODUCIR INSCR\u00cdBETE \u00a1Recuerda!Plazo l\u00edmite para inscribir proyectos para I+P, IDEAS PARA PRODUCIR: el 30 de SEPTIEMBRE de2025 a las 14:00 horas.Si tienes cualquier duda sobre este formulario escribe un mail a comunicacion@clag.es y teresponderemos lo antes posible.\u00a1Muchas gracias!\" \/>\n<meta property=\"og:url\" content=\"https:\/\/www.clusteraudiovisualgalego.com\/inscripciones\/\" \/>\n<meta property=\"og:site_name\" content=\"clusteraudiovisualgalego.com\" \/>\n<meta property=\"article:publisher\" content=\"https:\/\/www.facebook.com\/comunicacion.clag\" \/>\n<meta property=\"article:modified_time\" content=\"2025-07-21T06:17:58+00:00\" \/>\n<meta name=\"twitter:card\" content=\"summary_large_image\" \/>\n<meta name=\"twitter:site\" content=\"@ClagAudiovisual\" \/>\n<meta name=\"twitter:label1\" content=\"Tiempo de lectura\" \/>\n\t<meta name=\"twitter:data1\" content=\"1 minuto\" \/>\n<script type=\"application\/ld+json\" class=\"yoast-schema-graph\">{\"@context\":\"https:\/\/schema.org\",\"@graph\":[{\"@type\":\"WebPage\",\"@id\":\"https:\/\/www.clusteraudiovisualgalego.com\/inscripciones\/\",\"url\":\"https:\/\/www.clusteraudiovisualgalego.com\/inscripciones\/\",\"name\":\"Ininio - clusteraudiovisualgalego.com\",\"isPartOf\":{\"@id\":\"https:\/\/www.clusteraudiovisualgalego.com\/inscripciones\/#website\"},\"datePublished\":\"2022-05-09T11:27:04+00:00\",\"dateModified\":\"2025-07-21T06:17:58+00:00\",\"breadcrumb\":{\"@id\":\"https:\/\/www.clusteraudiovisualgalego.com\/inscripciones\/#breadcrumb\"},\"inLanguage\":\"es\",\"potentialAction\":[{\"@type\":\"ReadAction\",\"target\":[\"https:\/\/www.clusteraudiovisualgalego.com\/inscripciones\/\"]}]},{\"@type\":\"BreadcrumbList\",\"@id\":\"https:\/\/www.clusteraudiovisualgalego.com\/inscripciones\/#breadcrumb\",\"itemListElement\":[{\"@type\":\"ListItem\",\"position\":1,\"name\":\"Inicio\",\"item\":\"https:\/\/www.clusteraudiovisualgalego.com\/inscripciones\/\"},{\"@type\":\"ListItem\",\"position\":2,\"name\":\"Ininio\"}]},{\"@type\":\"WebSite\",\"@id\":\"https:\/\/www.clusteraudiovisualgalego.com\/inscripciones\/#website\",\"url\":\"https:\/\/www.clusteraudiovisualgalego.com\/inscripciones\/\",\"name\":\"clusteraudiovisualgalego.com\",\"description\":\"Otro sitio realizado con WordPress\",\"publisher\":{\"@id\":\"https:\/\/www.clusteraudiovisualgalego.com\/inscripciones\/#organization\"},\"potentialAction\":[{\"@type\":\"SearchAction\",\"target\":{\"@type\":\"EntryPoint\",\"urlTemplate\":\"https:\/\/www.clusteraudiovisualgalego.com\/inscripciones\/?s={search_term_string}\"},\"query-input\":{\"@type\":\"PropertyValueSpecification\",\"valueRequired\":true,\"valueName\":\"search_term_string\"}}],\"inLanguage\":\"es\"},{\"@type\":\"Organization\",\"@id\":\"https:\/\/www.clusteraudiovisualgalego.com\/inscripciones\/#organization\",\"name\":\"Cluster Audiovisual Galego\",\"url\":\"https:\/\/www.clusteraudiovisualgalego.com\/inscripciones\/\",\"logo\":{\"@type\":\"ImageObject\",\"inLanguage\":\"es\",\"@id\":\"https:\/\/www.clusteraudiovisualgalego.com\/inscripciones\/#\/schema\/logo\/image\/\",\"url\":\"https:\/\/www.clusteraudiovisualgalego.com\/inscripciones\/wp-content\/uploads\/2022\/06\/cluster-audiovisual-galego.png\",\"contentUrl\":\"https:\/\/www.clusteraudiovisualgalego.com\/inscripciones\/wp-content\/uploads\/2022\/06\/cluster-audiovisual-galego.png\",\"width\":213,\"height\":258,\"caption\":\"Cluster Audiovisual Galego\"},\"image\":{\"@id\":\"https:\/\/www.clusteraudiovisualgalego.com\/inscripciones\/#\/schema\/logo\/image\/\"},\"sameAs\":[\"https:\/\/www.facebook.com\/comunicacion.clag\",\"https:\/\/x.com\/ClagAudiovisual\",\"https:\/\/www.instagram.com\/clusteraudiovisualgalego\/\",\"https:\/\/www.youtube.com\/channel\/UCnBtmTrb-WXOeGlsZHAlR9w\"]}]}<\/script>\n<!-- \/ Yoast SEO plugin. -->","yoast_head_json":{"title":"Ininio - clusteraudiovisualgalego.com","robots":{"index":"index","follow":"follow","max-snippet":"max-snippet:-1","max-image-preview":"max-image-preview:large","max-video-preview":"max-video-preview:-1"},"canonical":"https:\/\/www.clusteraudiovisualgalego.com\/inscripciones\/","og_locale":"es_ES","og_type":"article","og_title":"Ininio - clusteraudiovisualgalego.com","og_description":"\u00a1Inscr\u00edbete! INSCR\u00cdBETE AQU\u00cd EN LA 19\u00aa EDICI\u00d3N DEL PITCHING I+P, IDEAS PARA PRODUCIR INSCR\u00cdBETE \u00a1Recuerda!Plazo l\u00edmite para inscribir proyectos para I+P, IDEAS PARA PRODUCIR: el 30 de SEPTIEMBRE de2025 a las 14:00 horas.Si tienes cualquier duda sobre este formulario escribe un mail a comunicacion@clag.es y teresponderemos lo antes posible.\u00a1Muchas gracias!","og_url":"https:\/\/www.clusteraudiovisualgalego.com\/inscripciones\/","og_site_name":"clusteraudiovisualgalego.com","article_publisher":"https:\/\/www.facebook.com\/comunicacion.clag","article_modified_time":"2025-07-21T06:17:58+00:00","twitter_card":"summary_large_image","twitter_site":"@ClagAudiovisual","twitter_misc":{"Tiempo de lectura":"1 minuto"},"schema":{"@context":"https:\/\/schema.org","@graph":[{"@type":"WebPage","@id":"https:\/\/www.clusteraudiovisualgalego.com\/inscripciones\/","url":"https:\/\/www.clusteraudiovisualgalego.com\/inscripciones\/","name":"Ininio - clusteraudiovisualgalego.com","isPartOf":{"@id":"https:\/\/www.clusteraudiovisualgalego.com\/inscripciones\/#website"},"datePublished":"2022-05-09T11:27:04+00:00","dateModified":"2025-07-21T06:17:58+00:00","breadcrumb":{"@id":"https:\/\/www.clusteraudiovisualgalego.com\/inscripciones\/#breadcrumb"},"inLanguage":"es","potentialAction":[{"@type":"ReadAction","target":["https:\/\/www.clusteraudiovisualgalego.com\/inscripciones\/"]}]},{"@type":"BreadcrumbList","@id":"https:\/\/www.clusteraudiovisualgalego.com\/inscripciones\/#breadcrumb","itemListElement":[{"@type":"ListItem","position":1,"name":"Inicio","item":"https:\/\/www.clusteraudiovisualgalego.com\/inscripciones\/"},{"@type":"ListItem","position":2,"name":"Ininio"}]},{"@type":"WebSite","@id":"https:\/\/www.clusteraudiovisualgalego.com\/inscripciones\/#website","url":"https:\/\/www.clusteraudiovisualgalego.com\/inscripciones\/","name":"clusteraudiovisualgalego.com","description":"Otro sitio realizado con WordPress","publisher":{"@id":"https:\/\/www.clusteraudiovisualgalego.com\/inscripciones\/#organization"},"potentialAction":[{"@type":"SearchAction","target":{"@type":"EntryPoint","urlTemplate":"https:\/\/www.clusteraudiovisualgalego.com\/inscripciones\/?s={search_term_string}"},"query-input":{"@type":"PropertyValueSpecification","valueRequired":true,"valueName":"search_term_string"}}],"inLanguage":"es"},{"@type":"Organization","@id":"https:\/\/www.clusteraudiovisualgalego.com\/inscripciones\/#organization","name":"Cluster Audiovisual Galego","url":"https:\/\/www.clusteraudiovisualgalego.com\/inscripciones\/","logo":{"@type":"ImageObject","inLanguage":"es","@id":"https:\/\/www.clusteraudiovisualgalego.com\/inscripciones\/#\/schema\/logo\/image\/","url":"https:\/\/www.clusteraudiovisualgalego.com\/inscripciones\/wp-content\/uploads\/2022\/06\/cluster-audiovisual-galego.png","contentUrl":"https:\/\/www.clusteraudiovisualgalego.com\/inscripciones\/wp-content\/uploads\/2022\/06\/cluster-audiovisual-galego.png","width":213,"height":258,"caption":"Cluster Audiovisual Galego"},"image":{"@id":"https:\/\/www.clusteraudiovisualgalego.com\/inscripciones\/#\/schema\/logo\/image\/"},"sameAs":["https:\/\/www.facebook.com\/comunicacion.clag","https:\/\/x.com\/ClagAudiovisual","https:\/\/www.instagram.com\/clusteraudiovisualgalego\/","https:\/\/www.youtube.com\/channel\/UCnBtmTrb-WXOeGlsZHAlR9w"]}]}},"_links":{"self":[{"href":"https:\/\/www.clusteraudiovisualgalego.com\/inscripciones\/wp-json\/wp\/v2\/pages\/105","targetHints":{"allow":["GET"]}}],"collection":[{"href":"https:\/\/www.clusteraudiovisualgalego.com\/inscripciones\/wp-json\/wp\/v2\/pages"}],"about":[{"href":"https:\/\/www.clusteraudiovisualgalego.com\/inscripciones\/wp-json\/wp\/v2\/types\/page"}],"author":[{"embeddable":true,"href":"https:\/\/www.clusteraudiovisualgalego.com\/inscripciones\/wp-json\/wp\/v2\/users\/1"}],"replies":[{"embeddable":true,"href":"https:\/\/www.clusteraudiovisualgalego.com\/inscripciones\/wp-json\/wp\/v2\/comments?post=105"}],"version-history":[{"count":45,"href":"https:\/\/www.clusteraudiovisualgalego.com\/inscripciones\/wp-json\/wp\/v2\/pages\/105\/revisions"}],"predecessor-version":[{"id":656,"href":"https:\/\/www.clusteraudiovisualgalego.com\/inscripciones\/wp-json\/wp\/v2\/pages\/105\/revisions\/656"}],"wp:attachment":[{"href":"https:\/\/www.clusteraudiovisualgalego.com\/inscripciones\/wp-json\/wp\/v2\/media?parent=105"}],"curies":[{"name":"wp","href":"https:\/\/api.w.org\/{rel}","templated":true}]}}